{"id":91,"date":"2025-04-15T09:45:40","date_gmt":"2025-04-15T09:45:40","guid":{"rendered":"https:\/\/vipwtest.vspoint.it\/?page_id=91"},"modified":"2025-04-15T09:45:40","modified_gmt":"2025-04-15T09:45:40","slug":"chi-siamo","status":"publish","type":"page","link":"https:\/\/vipwtest.vspoint.it\/?page_id=91","title":{"rendered":"Chi siamo"},"content":{"rendered":"<p>La S.I.EL. S.R.L. \u00e8 una societ\u00e0 che opera nel settore elettrico dal 2002.<br \/>\nLa Societ\u00e0 con sede a Partinico (Pa), si propone come azienda di fiducia e qualificata da ENEL DISTRIBUZIONE SPA per lavori di costruzione, manutenzione Linee Elettriche MT\/BT , cabine secondarie MT\/BT e posa di fibra ottica.<br \/>\nLa S.I.EL. S.R.L. ha sede nel Comune di Partinico (Pa) nella SS. 113 km 315,600, \u00e8 dispone di<br \/>\nampi uffici, magazzini, e parco mezzi, sia speciali che promiscui, nonch\u00e9 numerosa attrezzatura di vario genere idonea a svolgere tutte le attivit\u00e0 sopra indicate.<br \/>\nIl personale dipendente \u00e8 altamente specializzato ed in possesso di Attestati rilasciati da Enti Autorizzati da Enel Distribuzione S.p.a., con profili C, D, E, F,G, X, Y e Z per eseguire lavori MT\/BT e posa di fibra ottica cos\u00ec come previsto dalla norma CEI 11-27.<\/p>\n<p>L\u2019azienda \u00e8 qualificata e certificata:<\/p>\n<p>ISO 9001:2015 \u2013 Qualit\u00e0<\/p>\n<p>ISO 45001:2018 \u2013 Sicurezza<\/p>\n<p>ISO 14001:2015 \u2013 Ambiente<\/p>\n<p>UNI ISO 50001:2018<\/p>\n<p><a href=\"https:\/\/www.sielsrl.biz\/wp-content\/media\/App_B-Politica-per-la-prevenzione-della-corruzione-08.06.2023.pdf\">IS0 37000:2021<\/a><\/p>\n<p><a href=\"https:\/\/www.sielsrl.biz\/wp-content\/media\/SA8000_politica_responsabilita_sociale.pdf\">SA8000 \u2013 Politica di responsabilit\u00e0 sociale<\/a><\/p>\n<p>&nbsp;<\/p>\n<p>Attualmente l\u2019impresa svolge le seguenti attivit\u00e0:<\/p>\n<p>\u2013 Costruzione e Manutenzione Linee Elettriche, e Cabine a Media e Bassa Tensione;<\/p>\n<p>\u2013 Realizzazione di infrastrutture di rete in fibra ottica ;<\/p>\n<p>\u2013 Costruzione, Manutenzione e allacciamenti Impianti Fotovoltaici;<\/p>\n<p>\u2013 Nolo di Gruppi elettrogeni;<\/p>\n<p>\u2013 Scavi di fondazione;<\/p>\n<p>\u2013 Canalizzazione per posa cavidotto<\/p>\n","protected":false},"excerpt":{"rendered":"<p>La S.I.EL. S.R.L. \u00e8 una societ\u00e0 che opera nel settore elettrico dal 2002. La Societ\u00e0 con sede a Partinico (Pa), si propone come azienda di fiducia e qualificata da ENEL DISTRIBUZIONE SPA per lavori di costruzione, manutenzione Linee Elettriche MT\/BT , cabine secondarie MT\/BT e posa di fibra ottica. La S.I.EL. S.R.L. ha sede nel&#8230;<\/p>\n","protected":false},"author":1,"featured_media":0,"parent":0,"menu_order":0,"comment_status":"closed","ping_status":"closed","template":"","meta":{"_kadence_starter_templates_imported_post":false,"_kad_post_transparent":"","_kad_post_title":"","_kad_post_layout":"","_kad_post_sidebar_id":"","_kad_post_content_style":"","_kad_post_vertical_padding":"","_kad_post_feature":"","_kad_post_feature_position":"","_kad_post_header":false,"_kad_post_footer":false,"footnotes":""},"class_list":["post-91","page","type-page","status-publish","hentry"],"_links":{"self":[{"href":"https:\/\/vipwtest.vspoint.it\/index.php?rest_route=\/wp\/v2\/pages\/91","targetHints":{"allow":["GET"]}}],"collection":[{"href":"https:\/\/vipwtest.vspoint.it\/index.php?rest_route=\/wp\/v2\/pages"}],"about":[{"href":"https:\/\/vipwtest.vspoint.it\/index.php?rest_route=\/wp\/v2\/types\/page"}],"author":[{"embeddable":true,"href":"https:\/\/vipwtest.vspoint.it\/index.php?rest_route=\/wp\/v2\/users\/1"}],"replies":[{"embeddable":true,"href":"https:\/\/vipwtest.vspoint.it\/index.php?rest_route=%2Fwp%2Fv2%2Fcomments&post=91"}],"version-history":[{"count":1,"href":"https:\/\/vipwtest.vspoint.it\/index.php?rest_route=\/wp\/v2\/pages\/91\/revisions"}],"predecessor-version":[{"id":92,"href":"https:\/\/vipwtest.vspoint.it\/index.php?rest_route=\/wp\/v2\/pages\/91\/revisions\/92"}],"wp:attachment":[{"href":"https:\/\/vipwtest.vspoint.it\/index.php?rest_route=%2Fwp%2Fv2%2Fmedia&parent=91"}],"curies":[{"name":"wp","href":"https:\/\/api.w.org\/{rel}","templated":true}]}}